{"id":4929,"date":"2025-07-08T17:06:22","date_gmt":"2025-07-08T15:06:22","guid":{"rendered":"https:\/\/perfixindustry.com\/?page_id=4929"},"modified":"2025-09-03T16:10:16","modified_gmt":"2025-09-03T14:10:16","slug":"mentions-legales","status":"publish","type":"page","link":"https:\/\/perfixindustry.com\/de\/mentions-legales\/","title":{"rendered":"Rechtliche Hinweise"},"content":{"rendered":"<div data-elementor-type=\"wp-page\" data-elementor-id=\"4929\" class=\"elementor elementor-4929\" data-elementor-post-type=\"page\">\n\t\t\t\t<div class=\"elementor-element elementor-element-1d3e60a e-flex e-con-boxed e-con e-parent\" data-id=\"1d3e60a\" data-element_type=\"container\" data-e-type=\"container\" data-settings=\"{&quot;background_background&quot;:&quot;classic&quot;}\">\n\t\t\t\t\t<div class=\"e-con-inner\">\n\t\t\t\t\t<\/div>\n\t\t\t\t<\/div>\n\t\t<div class=\"elementor-element elementor-element-e767a24 e-flex e-con-boxed e-con e-parent\" data-id=\"e767a24\" data-element_type=\"container\" data-e-type=\"container\">\n\t\t\t\t\t<div class=\"e-con-inner\">\n\t\t\t\t<div class=\"elementor-element elementor-element-6e0d8bf elementor-widget elementor-widget-heading\" data-id=\"6e0d8bf\" data-element_type=\"widget\" data-e-type=\"widget\" data-widget_type=\"heading.default\">\n\t\t\t\t\t<h2 class=\"elementor-heading-title elementor-size-default\">RECHTLICHE HINWEISE<\/h2>\t\t\t\t<\/div>\n\t\t\t\t<div class=\"elementor-element elementor-element-d8e4a5c elementor-widget elementor-widget-text-editor\" data-id=\"d8e4a5c\" data-element_type=\"widget\" data-e-type=\"widget\" data-widget_type=\"text-editor.default\">\n\t\t\t\t\t\t\t\t\t<p><b>ALLGEMEINE INFORMATIONEN<\/b><\/p><p>Durch die Verbindung mit dieser Website akzeptiert der Nutzer ausdr\u00fccklich die im Folgenden beschriebenen Nutzungsbedingungen.<\/p><p>Gem\u00e4\u00df Artikel 6 des Gesetzes Nr. 2004-575 vom 21. Juni 2004 \u00fcber das Vertrauen in die digitale Wirtschaft wird den Nutzern dieser Website die Identit\u00e4t der verschiedenen Akteure im Rahmen der Erstellung und Betreuung dieser Website mitgeteilt.<\/p><p><br \/><b>EDITOR<\/b><\/p><p>Firmenname: PERFIX INDUSTRY (ECO PLUS ENERGY)<\/p><p>Rechtsform: GmbH, Gesellschaft mit beschr\u00e4nkter Haftung<\/p><p>Stammkapital: 1.000,00 \u20ac<\/p><p>SIRET-Nummer: 88198602000017<\/p><p>Adresse des Firmensitzes: 55 ROUTE DE SOUFFLENHEIM, 67500 HAGUENAU<\/p><p>Telefon: 06 95 45 57 85\u00a0<\/p><p>Post : <a href=\"mailto:INFO@PERFIXINDUSTRY.COM\">INFO@PERFIXINDUSTRY.COM<\/a><\/p><p>Handelsregisternummer: 881 986 020 R.C.S. Strasbourg<\/p><p>Intrakommunale Steuernummer: FR26881986020<\/p><p>Vertreten durch :  KUCUK Rahim\u00a0<\/p><p>Leiter der Ver\u00f6ffentlichung: KUCUK Rahim\u00a0<\/p><p><br \/><b>HEBERGEUR<\/b><\/p><p>Diese Website wird gehostet von : IONOS<\/p><p>Firmenname: IONOS SARL<\/p><p>Adresse: 7 PLACE DE LA GARE 57200 SARREGUEMINES\u00a0<\/p><p>Kontakt: 09 70 80 89 11<\/p><p><br \/><b>DESIGNER<\/b><\/p><p>Diese Website wurde von NIDYANET GRENOBLE gestaltet.<\/p><p>Adresse: 7 rue Charles P\u00e9guy - 38100 Grenoble<\/p><p>Telefon: 04 76 70 20 84\u00a0<\/p><p>E-Mail: contact@nidyanet.com<\/p><p>Standort :<a href=\"https:\/\/nidyanet.com\"> https:\/\/nidyanet.com<\/a><\/p><p><br \/><b>SCHUTZ VON PERS\u00d6NLICHEN DATEN<\/b><\/p><p>Die Website sichert dem Nutzer eine Sammlung und Verarbeitung pers\u00f6nlicher Informationen unter Wahrung der Privatsph\u00e4re gem\u00e4\u00df dem Gesetz Nr. 78-17 vom 6. Januar 1978 \u00fcber Informatik, Dateien und Freiheitsrechte zu.<\/p><p>Gem\u00e4\u00df dem Gesetz \u00fcber Informatik und Freiheiten vom 6. Januar 1978 hat der Nutzer das Recht, auf seine pers\u00f6nlichen Daten zuzugreifen, sie zu berichtigen, zu l\u00f6schen und ihnen zu widersprechen. Der Nutzer \u00fcbt dieses Recht aus:<\/p><ul><li aria-level=\"1\">per E-Mail an die E-Mail-Adresse <a href=\"mailto:INFO@PERFIXINDUSTRY.COM\">INFO@PERFIXINDUSTRY.COM<\/a><\/li><li aria-level=\"1\">per Post an 55 ROUTE DE SOUFFLENHEIM, 67500 HAGUENAU;<\/li><\/ul><p><b>GEISTIGES EIGENTUM<\/b><\/p><p>Die vorliegende Website sowie alle Elemente, einschlie\u00dflich, aber nicht beschr\u00e4nkt auf alle Logos, Icons, Infografiken, Fotografien und Animationen, aus denen sie sich zusammensetzt, sind das ausschlie\u00dfliche Eigentum des Unternehmens, mit Ausnahme der Inhaltselemente, die anderen Partnerunternehmen oder Autoren geh\u00f6ren.\u00a0<\/p><p>In diesem Sinne sind alle oben genannten Elemente im Rahmen der internationalen Gesetzgebung zum Schutz des geistigen Eigentums gesch\u00fctzt.\u00a0<\/p><p>Jede Nutzung, Vervielf\u00e4ltigung, Verteilung, Kommerzialisierung, \u00c4nderung, Anpassung, Weiterleitung, Darstellung oder Ver\u00f6ffentlichung der gesamten oder eines Teils der Website und\/oder der Elemente, aus denen sie sich zusammensetzt, ist ohne die ausdr\u00fcckliche und schriftlich formulierte Zustimmung von PERFIX INDUSTRY strengstens untersagt. Die Nichtbeachtung dieses Verbots kann zu rechtlichen Ma\u00dfnahmen und Verfolgungen f\u00fchren, wie sie insbesondere im Gesetzbuch \u00fcber das geistige Eigentum und im Zivilgesetzbuch vorgesehen sind.<\/p><p>Die Nichtbeachtung dieses Verbots stellt eine F\u00e4lschung dar, f\u00fcr die der F\u00e4lscher zivil- und strafrechtlich haftbar gemacht werden kann.<\/p><p><b>VERANTWORTUNG<\/b><\/p><p>PERFIX INDUSTRY bem\u00fcht sich nach besten Kr\u00e4ften, die Genauigkeit und Aktualit\u00e4t der auf der Website verbreiteten Informationen zu gew\u00e4hrleisten, wobei sie sich das Recht vorbeh\u00e4lt, den Inhalt der Website jederzeit und ohne Vorank\u00fcndigung zu \u00e4ndern.<\/p><p>PERFIX INDUSTRY kann jedoch nicht f\u00fcr die Richtigkeit, Genauigkeit und Vollst\u00e4ndigkeit der auf der Seite verbreiteten Informationen garantieren und ist daher nicht haftbar zu machen:\u00a0<\/p><ul><li aria-level=\"1\">jeglicher Ungenauigkeit, Unrichtigkeit oder Auslassung der Information(en), ob ganz oder teilweise<\/li><li aria-level=\"1\">von jedem m\u00f6glichen Schaden, der aus einem Computereingriff eines Dritten resultiert, der eine Ver\u00e4nderung der genannten Informationen zur Folge hat<\/li><li aria-level=\"1\">generell f\u00fcr alle direkten oder indirekten Sch\u00e4den, unabh\u00e4ngig von Ursache, Ursprung, Art und Folgen, die mit dem Zugang (oder der Unm\u00f6glichkeit des Zugangs zur Website), dem Inhalt, der Nutzung der Website und\/oder dem Vertrauen auf Informationen von der Website verbunden sind.<\/li><\/ul><p>Dar\u00fcber hinaus verpflichtet sich der Nutzer der Website, auf die Website mit einer aktuellen Hardware zuzugreifen, die keine Viren enth\u00e4lt, und mit einem Browser der neuesten Generation, der auf dem neuesten Stand gehalten wird.<\/p><p>PERFIX INDUSTRY haftet nicht f\u00fcr Hypertext-Links, die im Rahmen dieser Website zu anderen Ressourcen im Internet eingerichtet wurden.<\/p><p><b>STREITIGKEITEN<\/b><\/p><p>Die Bedingungen dieser Website unterliegen den franz\u00f6sischen Gesetzen und alle Streitigkeiten, die aus der Auslegung oder Ausf\u00fchrung dieser Bedingungen entstehen k\u00f6nnten, unterliegen der ausschlie\u00dflichen Zust\u00e4ndigkeit der Gerichte, in deren Zust\u00e4ndigkeitsbereich der Hauptsitz des Unternehmens liegt.<\/p><p>Dar\u00fcber hinaus ist die Referenzsprache f\u00fcr die Beilegung etwaiger Streitigkeiten Franz\u00f6sisch.<\/p><p>Diese rechtlichen Hinweise wurden herausgegeben am <b>08\/07\/2025<\/b>. <\/p>\t\t\t\t\t\t\t\t<\/div>\n\t\t\t\t\t<\/div>\n\t\t\t\t<\/div>\n\t\t\t\t<\/div>","protected":false},"excerpt":{"rendered":"<p>MENTIONS L\u00c9GALES INFORMATIONS G\u00c9N\u00c9RALES En se connectant au pr\u00e9sent site, l\u2019utilisateur accepte express\u00e9ment ses modalit\u00e9s d\u2019utilisation d\u00e9crites ci-apr\u00e8s. En vertu de l\u2019article 6 de la loi n\u00b0 2004-575 du 21 juin 2004 pour la confiance dans l\u2019\u00e9conomie num\u00e9rique, il est pr\u00e9cis\u00e9 aux utilisateurs du pr\u00e9sent site l\u2019identit\u00e9 des diff\u00e9rents intervenants dans le cadre de sa [&hellip;]<\/p>\n","protected":false},"author":1,"featured_media":3034,"parent":0,"menu_order":0,"comment_status":"closed","ping_status":"closed","template":"","meta":{"footnotes":""},"class_list":["post-4929","page","type-page","status-publish","has-post-thumbnail","hentry"],"yoast_head":"<!-- This site is optimized with the Yoast SEO plugin v27.6 - https:\/\/yoast.com\/product\/yoast-seo-wordpress\/ -->\n<title>Mentions l\u00e9gales - Perfix<\/title>\n<meta name=\"robots\" content=\"index, follow, max-snippet:-1, max-image-preview:large, max-video-preview:-1\" \/>\n<link rel=\"canonical\" href=\"https:\/\/perfixindustry.com\/de\/mentions-legales\/\" \/>\n<meta property=\"og:locale\" content=\"de_DE\" \/>\n<meta property=\"og:type\" content=\"article\" \/>\n<meta property=\"og:title\" content=\"Mentions l\u00e9gales - Perfix\" \/>\n<meta property=\"og:description\" content=\"MENTIONS L\u00c9GALES INFORMATIONS G\u00c9N\u00c9RALES En se connectant au pr\u00e9sent site, l\u2019utilisateur accepte express\u00e9ment ses modalit\u00e9s d\u2019utilisation d\u00e9crites ci-apr\u00e8s. En vertu de l\u2019article 6 de la loi n\u00b0 2004-575 du 21 juin 2004 pour la confiance dans l\u2019\u00e9conomie num\u00e9rique, il est pr\u00e9cis\u00e9 aux utilisateurs du pr\u00e9sent site l\u2019identit\u00e9 des diff\u00e9rents intervenants dans le cadre de sa [&hellip;]\" \/>\n<meta property=\"og:url\" content=\"https:\/\/perfixindustry.com\/de\/mentions-legales\/\" \/>\n<meta property=\"og:site_name\" content=\"Perfix\" \/>\n<meta property=\"article:modified_time\" content=\"2025-09-03T14:10:16+00:00\" \/>\n<meta property=\"og:image\" content=\"https:\/\/perfixindustry.com\/wp-content\/uploads\/2025\/06\/Groupe-280.png\" \/>\n\t<meta property=\"og:image:width\" content=\"761\" \/>\n\t<meta property=\"og:image:height\" content=\"943\" \/>\n\t<meta property=\"og:image:type\" content=\"image\/png\" \/>\n<meta name=\"twitter:card\" content=\"summary_large_image\" \/>\n<meta name=\"twitter:label1\" content=\"Gesch\u00e4tzte Lesezeit\" \/>\n\t<meta name=\"twitter:data1\" content=\"4\u00a0Minuten\" \/>\n<script type=\"application\/ld+json\" class=\"yoast-schema-graph\">{\"@context\":\"https:\\\/\\\/schema.org\",\"@graph\":[{\"@type\":\"WebPage\",\"@id\":\"https:\\\/\\\/perfixindustry.com\\\/mentions-legales\\\/\",\"url\":\"https:\\\/\\\/perfixindustry.com\\\/mentions-legales\\\/\",\"name\":\"Mentions l\u00e9gales - Perfix\",\"isPartOf\":{\"@id\":\"https:\\\/\\\/perfixindustry.com\\\/#website\"},\"primaryImageOfPage\":{\"@id\":\"https:\\\/\\\/perfixindustry.com\\\/mentions-legales\\\/#primaryimage\"},\"image\":{\"@id\":\"https:\\\/\\\/perfixindustry.com\\\/mentions-legales\\\/#primaryimage\"},\"thumbnailUrl\":\"https:\\\/\\\/perfixindustry.com\\\/wp-content\\\/uploads\\\/2025\\\/06\\\/Groupe-280.png\",\"datePublished\":\"2025-07-08T15:06:22+00:00\",\"dateModified\":\"2025-09-03T14:10:16+00:00\",\"breadcrumb\":{\"@id\":\"https:\\\/\\\/perfixindustry.com\\\/mentions-legales\\\/#breadcrumb\"},\"inLanguage\":\"de\",\"potentialAction\":[{\"@type\":\"ReadAction\",\"target\":[\"https:\\\/\\\/perfixindustry.com\\\/mentions-legales\\\/\"]}]},{\"@type\":\"ImageObject\",\"inLanguage\":\"de\",\"@id\":\"https:\\\/\\\/perfixindustry.com\\\/mentions-legales\\\/#primaryimage\",\"url\":\"https:\\\/\\\/perfixindustry.com\\\/wp-content\\\/uploads\\\/2025\\\/06\\\/Groupe-280.png\",\"contentUrl\":\"https:\\\/\\\/perfixindustry.com\\\/wp-content\\\/uploads\\\/2025\\\/06\\\/Groupe-280.png\",\"width\":761,\"height\":943,\"caption\":\"Groupe 280\"},{\"@type\":\"BreadcrumbList\",\"@id\":\"https:\\\/\\\/perfixindustry.com\\\/mentions-legales\\\/#breadcrumb\",\"itemListElement\":[{\"@type\":\"ListItem\",\"position\":1,\"name\":\"Accueil\",\"item\":\"https:\\\/\\\/perfixindustry.com\\\/\"},{\"@type\":\"ListItem\",\"position\":2,\"name\":\"Mentions l\u00e9gales\"}]},{\"@type\":\"WebSite\",\"@id\":\"https:\\\/\\\/perfixindustry.com\\\/#website\",\"url\":\"https:\\\/\\\/perfixindustry.com\\\/\",\"name\":\"Perfix\",\"description\":\"\",\"potentialAction\":[{\"@type\":\"SearchAction\",\"target\":{\"@type\":\"EntryPoint\",\"urlTemplate\":\"https:\\\/\\\/perfixindustry.com\\\/?s={search_term_string}\"},\"query-input\":{\"@type\":\"PropertyValueSpecification\",\"valueRequired\":true,\"valueName\":\"search_term_string\"}}],\"inLanguage\":\"de\"}]}<\/script>\n<!-- \/ Yoast SEO plugin. -->","yoast_head_json":{"title":"Rechtliche Hinweise - Perfix","robots":{"index":"index","follow":"follow","max-snippet":"max-snippet:-1","max-image-preview":"max-image-preview:large","max-video-preview":"max-video-preview:-1"},"canonical":"https:\/\/perfixindustry.com\/de\/mentions-legales\/","og_locale":"de_DE","og_type":"article","og_title":"Mentions l\u00e9gales - Perfix","og_description":"MENTIONS L\u00c9GALES INFORMATIONS G\u00c9N\u00c9RALES En se connectant au pr\u00e9sent site, l\u2019utilisateur accepte express\u00e9ment ses modalit\u00e9s d\u2019utilisation d\u00e9crites ci-apr\u00e8s. En vertu de l\u2019article 6 de la loi n\u00b0 2004-575 du 21 juin 2004 pour la confiance dans l\u2019\u00e9conomie num\u00e9rique, il est pr\u00e9cis\u00e9 aux utilisateurs du pr\u00e9sent site l\u2019identit\u00e9 des diff\u00e9rents intervenants dans le cadre de sa [&hellip;]","og_url":"https:\/\/perfixindustry.com\/de\/mentions-legales\/","og_site_name":"Perfix","article_modified_time":"2025-09-03T14:10:16+00:00","og_image":[{"width":761,"height":943,"url":"https:\/\/perfixindustry.com\/wp-content\/uploads\/2025\/06\/Groupe-280.png","type":"image\/png"}],"twitter_card":"summary_large_image","twitter_misc":{"Gesch\u00e4tzte Lesezeit":"4\u00a0Minuten"},"schema":{"@context":"https:\/\/schema.org","@graph":[{"@type":"WebPage","@id":"https:\/\/perfixindustry.com\/mentions-legales\/","url":"https:\/\/perfixindustry.com\/mentions-legales\/","name":"Rechtliche Hinweise - Perfix","isPartOf":{"@id":"https:\/\/perfixindustry.com\/#website"},"primaryImageOfPage":{"@id":"https:\/\/perfixindustry.com\/mentions-legales\/#primaryimage"},"image":{"@id":"https:\/\/perfixindustry.com\/mentions-legales\/#primaryimage"},"thumbnailUrl":"https:\/\/perfixindustry.com\/wp-content\/uploads\/2025\/06\/Groupe-280.png","datePublished":"2025-07-08T15:06:22+00:00","dateModified":"2025-09-03T14:10:16+00:00","breadcrumb":{"@id":"https:\/\/perfixindustry.com\/mentions-legales\/#breadcrumb"},"inLanguage":"de","potentialAction":[{"@type":"ReadAction","target":["https:\/\/perfixindustry.com\/mentions-legales\/"]}]},{"@type":"ImageObject","inLanguage":"de","@id":"https:\/\/perfixindustry.com\/mentions-legales\/#primaryimage","url":"https:\/\/perfixindustry.com\/wp-content\/uploads\/2025\/06\/Groupe-280.png","contentUrl":"https:\/\/perfixindustry.com\/wp-content\/uploads\/2025\/06\/Groupe-280.png","width":761,"height":943,"caption":"Groupe 280"},{"@type":"BreadcrumbList","@id":"https:\/\/perfixindustry.com\/mentions-legales\/#breadcrumb","itemListElement":[{"@type":"ListItem","position":1,"name":"Accueil","item":"https:\/\/perfixindustry.com\/"},{"@type":"ListItem","position":2,"name":"Mentions l\u00e9gales"}]},{"@type":"WebSite","@id":"https:\/\/perfixindustry.com\/#website","url":"https:\/\/perfixindustry.com\/","name":"Perfix","description":"","potentialAction":[{"@type":"SearchAction","target":{"@type":"EntryPoint","urlTemplate":"https:\/\/perfixindustry.com\/?s={search_term_string}"},"query-input":{"@type":"PropertyValueSpecification","valueRequired":true,"valueName":"search_term_string"}}],"inLanguage":"de"}]}},"_links":{"self":[{"href":"https:\/\/perfixindustry.com\/de\/wp-json\/wp\/v2\/pages\/4929","targetHints":{"allow":["GET"]}}],"collection":[{"href":"https:\/\/perfixindustry.com\/de\/wp-json\/wp\/v2\/pages"}],"about":[{"href":"https:\/\/perfixindustry.com\/de\/wp-json\/wp\/v2\/types\/page"}],"author":[{"embeddable":true,"href":"https:\/\/perfixindustry.com\/de\/wp-json\/wp\/v2\/users\/1"}],"replies":[{"embeddable":true,"href":"https:\/\/perfixindustry.com\/de\/wp-json\/wp\/v2\/comments?post=4929"}],"version-history":[{"count":28,"href":"https:\/\/perfixindustry.com\/de\/wp-json\/wp\/v2\/pages\/4929\/revisions"}],"predecessor-version":[{"id":5044,"href":"https:\/\/perfixindustry.com\/de\/wp-json\/wp\/v2\/pages\/4929\/revisions\/5044"}],"wp:featuredmedia":[{"embeddable":true,"href":"https:\/\/perfixindustry.com\/de\/wp-json\/wp\/v2\/media\/3034"}],"wp:attachment":[{"href":"https:\/\/perfixindustry.com\/de\/wp-json\/wp\/v2\/media?parent=4929"}],"curies":[{"name":"wp","href":"https:\/\/api.w.org\/{rel}","templated":true}]}}