{"id":4929,"date":"2025-07-08T17:06:22","date_gmt":"2025-07-08T15:06:22","guid":{"rendered":"https:\/\/perfixindustry.com\/?page_id=4929"},"modified":"2025-09-03T16:10:16","modified_gmt":"2025-09-03T14:10:16","slug":"mentions-legales","status":"publish","type":"page","link":"https:\/\/perfixindustry.com\/en\/mentions-legales\/","title":{"rendered":"Legal information"},"content":{"rendered":"<div data-elementor-type=\"wp-page\" data-elementor-id=\"4929\" class=\"elementor elementor-4929\" data-elementor-post-type=\"page\">\n\t\t\t\t<div class=\"elementor-element elementor-element-1d3e60a e-flex e-con-boxed e-con e-parent\" data-id=\"1d3e60a\" data-element_type=\"container\" data-e-type=\"container\" data-settings=\"{&quot;background_background&quot;:&quot;classic&quot;}\">\n\t\t\t\t\t<div class=\"e-con-inner\">\n\t\t\t\t\t<\/div>\n\t\t\t\t<\/div>\n\t\t<div class=\"elementor-element elementor-element-e767a24 e-flex e-con-boxed e-con e-parent\" data-id=\"e767a24\" data-element_type=\"container\" data-e-type=\"container\">\n\t\t\t\t\t<div class=\"e-con-inner\">\n\t\t\t\t<div class=\"elementor-element elementor-element-6e0d8bf elementor-widget elementor-widget-heading\" data-id=\"6e0d8bf\" data-element_type=\"widget\" data-e-type=\"widget\" data-widget_type=\"heading.default\">\n\t\t\t\t\t<h2 class=\"elementor-heading-title elementor-size-default\">LEGAL NOTICES<\/h2>\t\t\t\t<\/div>\n\t\t\t\t<div class=\"elementor-element elementor-element-d8e4a5c elementor-widget elementor-widget-text-editor\" data-id=\"d8e4a5c\" data-element_type=\"widget\" data-e-type=\"widget\" data-widget_type=\"text-editor.default\">\n\t\t\t\t\t\t\t\t\t<p><b>GENERAL INFORMATION<\/b><\/p><p>By connecting to this site, the user expressly accepts the terms of use described below.<\/p><p>Pursuant to Article 6 of French Law no. 2004-575 of 21 June 2004 on confidence in the digital economy, users of this website are informed of the identity of the various parties involved in its creation and monitoring.<\/p><p><br \/><b>PUBLISHER<\/b><\/p><p>Company name: PERFIX INDUSTRY (ECO PLUS ENERGY)<\/p><p>Legal form: SARL, limited liability company<\/p><p>Share capital: \u20ac1,000.00<\/p><p>SIRET number: 88198602000017<\/p><p>Registered office address: 55 ROUTE DE SOUFFLENHEIM, 67500 HAGUENAU<\/p><p>Telephone: 06 95 45 57 85\u00a0<\/p><p>Mail : <a href=\"mailto:INFO@PERFIXINDUSTRY.COM\">INFO@PERFIXINDUSTRY.COM<\/a><\/p><p>RCS number: 881 986 020 R.C.S. Strasbourg<\/p><p>Intracommunity VAT number: FR26881986020<\/p><p>Represented by :  KUCUK Rahim\u00a0<\/p><p>Publication manager: KUCUK Rahim\u00a0<\/p><p><br \/><b>EMBEDDERS<\/b><\/p><p>This site is hosted by : IONOS<\/p><p>Company name: IONOS SARL<\/p><p>Address: 7 PLACE DE LA GARE 57200 SARREGUEMINES\u00a0<\/p><p>Contact: 09 70 80 89 11<\/p><p><br \/><b>DESIGNER<\/b><\/p><p>This site was designed by NIDYANET GRENOBLE<\/p><p>Address: 7 rue Charles P\u00e9guy - 38100 Grenoble<\/p><p>Telephone: 04 76 70 20 84\u00a0<\/p><p>Email : contact@nidyanet.com<\/p><p>Site :<a href=\"https:\/\/nidyanet.com\"> https:\/\/nidyanet.com<\/a><\/p><p><br \/><b>PROTECTION OF PERSONAL DATA<\/b><\/p><p>The Site ensures that the User's personal information is collected and processed in compliance with the French Data Protection Act no. 78-17 of 6 January 1978.<\/p><p>Under the French Data Protection Act of 6 January 1978, Users have the right to access, rectify, delete and object to their personal data. The User may exercise this right:<\/p><ul><li aria-level=\"1\">by email to <a href=\"mailto:INFO@PERFIXINDUSTRY.COM\">INFO@PERFIXINDUSTRY.COM<\/a><\/li><li aria-level=\"1\">by post to 55 ROUTE DE SOUFFLENHEIM, 67500 HAGUENAU;<\/li><\/ul><p><b>INTELLECTUAL PROPERTY<\/b><\/p><p>This site and each of its components, including but not limited to logos, icons, computer graphics, photographs and animations, are the exclusive property of the company, with the exception of content belonging to other partner companies or authors.\u00a0<\/p><p>As such, all the above elements are protected under international intellectual property law.\u00a0<\/p><p>Any use, reproduction, distribution, commercialisation, modification, adaptation, retransmission, representation or publication, by any process whatsoever, and on any medium whatsoever, of all or part of the site and\/or the elements that make it up is strictly prohibited without the express written consent of PERFIX INDUSTRY. Failure to comply with this prohibition may result in legal action and proceedings as provided for in particular by the Intellectual Property Code and the Civil Code.<\/p><p>Failure to comply with this prohibition constitutes an infringement for which the infringer may be held civilly and criminally liable.<\/p><p><b>RESPONSIBILITY<\/b><\/p><p>PERFIX INDUSTRY makes every effort to ensure that the information published on the Site is accurate and up to date, but reserves the right to modify the content at any time and without prior notice.<\/p><p>However, PERFIX INDUSTRY cannot guarantee the accuracy, precision or completeness of the information published on the Site and cannot therefore be held responsible:\u00a0<\/p><ul><li aria-level=\"1\">any inaccuracy, imprecision or omission in or from the information, whether in whole or in part<\/li><li aria-level=\"1\">any damage resulting from computer intrusion by a third party leading to modification of the said information<\/li><li aria-level=\"1\">more generally, any damage, direct or indirect, whatever the causes, origins, nature or consequences, linked to access (or the impossibility of accessing the Site), the content, the use of the Site and\/or the credit given to any information coming from the latter.<\/li><\/ul><p>In addition, users of the site undertake to access the site using recent, virus-free equipment and with an up-to-date, latest-generation browser.<\/p><p>PERFIX INDUSTRY cannot be held responsible for the hypertext links set up on this website to other resources on the Internet.<\/p><p><b>DISPUTES<\/b><\/p><p>The terms and conditions of this site are governed by French law and any dispute or litigation arising from the interpretation or execution of these terms and conditions shall be subject to the exclusive jurisdiction of the courts having jurisdiction over the company's registered office.<\/p><p>In addition, the reference language for the settlement of any disputes is French.<\/p><p>This legal notice was published on <b>08\/07\/2025<\/b>. <\/p>\t\t\t\t\t\t\t\t<\/div>\n\t\t\t\t\t<\/div>\n\t\t\t\t<\/div>\n\t\t\t\t<\/div>","protected":false},"excerpt":{"rendered":"<p>MENTIONS L\u00c9GALES INFORMATIONS G\u00c9N\u00c9RALES En se connectant au pr\u00e9sent site, l\u2019utilisateur accepte express\u00e9ment ses modalit\u00e9s d\u2019utilisation d\u00e9crites ci-apr\u00e8s. En vertu de l\u2019article 6 de la loi n\u00b0 2004-575 du 21 juin 2004 pour la confiance dans l\u2019\u00e9conomie num\u00e9rique, il est pr\u00e9cis\u00e9 aux utilisateurs du pr\u00e9sent site l\u2019identit\u00e9 des diff\u00e9rents intervenants dans le cadre de sa [&hellip;]<\/p>\n","protected":false},"author":1,"featured_media":3034,"parent":0,"menu_order":0,"comment_status":"closed","ping_status":"closed","template":"","meta":{"footnotes":""},"class_list":["post-4929","page","type-page","status-publish","has-post-thumbnail","hentry"],"yoast_head":"<!-- This site is optimized with the Yoast SEO plugin v27.6 - https:\/\/yoast.com\/product\/yoast-seo-wordpress\/ -->\n<title>Mentions l\u00e9gales - Perfix<\/title>\n<meta name=\"robots\" content=\"index, follow, max-snippet:-1, max-image-preview:large, max-video-preview:-1\" \/>\n<link rel=\"canonical\" href=\"https:\/\/perfixindustry.com\/en\/mentions-legales\/\" \/>\n<meta property=\"og:locale\" content=\"en_GB\" \/>\n<meta property=\"og:type\" content=\"article\" \/>\n<meta property=\"og:title\" content=\"Mentions l\u00e9gales - Perfix\" \/>\n<meta property=\"og:description\" content=\"MENTIONS L\u00c9GALES INFORMATIONS G\u00c9N\u00c9RALES En se connectant au pr\u00e9sent site, l\u2019utilisateur accepte express\u00e9ment ses modalit\u00e9s d\u2019utilisation d\u00e9crites ci-apr\u00e8s. En vertu de l\u2019article 6 de la loi n\u00b0 2004-575 du 21 juin 2004 pour la confiance dans l\u2019\u00e9conomie num\u00e9rique, il est pr\u00e9cis\u00e9 aux utilisateurs du pr\u00e9sent site l\u2019identit\u00e9 des diff\u00e9rents intervenants dans le cadre de sa [&hellip;]\" \/>\n<meta property=\"og:url\" content=\"https:\/\/perfixindustry.com\/en\/mentions-legales\/\" \/>\n<meta property=\"og:site_name\" content=\"Perfix\" \/>\n<meta property=\"article:modified_time\" content=\"2025-09-03T14:10:16+00:00\" \/>\n<meta property=\"og:image\" content=\"https:\/\/perfixindustry.com\/wp-content\/uploads\/2025\/06\/Groupe-280.png\" \/>\n\t<meta property=\"og:image:width\" content=\"761\" \/>\n\t<meta property=\"og:image:height\" content=\"943\" \/>\n\t<meta property=\"og:image:type\" content=\"image\/png\" \/>\n<meta name=\"twitter:card\" content=\"summary_large_image\" \/>\n<meta name=\"twitter:label1\" content=\"Estimated reading time\" \/>\n\t<meta name=\"twitter:data1\" content=\"4 minutes\" \/>\n<script type=\"application\/ld+json\" class=\"yoast-schema-graph\">{\"@context\":\"https:\\\/\\\/schema.org\",\"@graph\":[{\"@type\":\"WebPage\",\"@id\":\"https:\\\/\\\/perfixindustry.com\\\/mentions-legales\\\/\",\"url\":\"https:\\\/\\\/perfixindustry.com\\\/mentions-legales\\\/\",\"name\":\"Mentions l\u00e9gales - Perfix\",\"isPartOf\":{\"@id\":\"https:\\\/\\\/perfixindustry.com\\\/#website\"},\"primaryImageOfPage\":{\"@id\":\"https:\\\/\\\/perfixindustry.com\\\/mentions-legales\\\/#primaryimage\"},\"image\":{\"@id\":\"https:\\\/\\\/perfixindustry.com\\\/mentions-legales\\\/#primaryimage\"},\"thumbnailUrl\":\"https:\\\/\\\/perfixindustry.com\\\/wp-content\\\/uploads\\\/2025\\\/06\\\/Groupe-280.png\",\"datePublished\":\"2025-07-08T15:06:22+00:00\",\"dateModified\":\"2025-09-03T14:10:16+00:00\",\"breadcrumb\":{\"@id\":\"https:\\\/\\\/perfixindustry.com\\\/mentions-legales\\\/#breadcrumb\"},\"inLanguage\":\"en-GB\",\"potentialAction\":[{\"@type\":\"ReadAction\",\"target\":[\"https:\\\/\\\/perfixindustry.com\\\/mentions-legales\\\/\"]}]},{\"@type\":\"ImageObject\",\"inLanguage\":\"en-GB\",\"@id\":\"https:\\\/\\\/perfixindustry.com\\\/mentions-legales\\\/#primaryimage\",\"url\":\"https:\\\/\\\/perfixindustry.com\\\/wp-content\\\/uploads\\\/2025\\\/06\\\/Groupe-280.png\",\"contentUrl\":\"https:\\\/\\\/perfixindustry.com\\\/wp-content\\\/uploads\\\/2025\\\/06\\\/Groupe-280.png\",\"width\":761,\"height\":943,\"caption\":\"Groupe 280\"},{\"@type\":\"BreadcrumbList\",\"@id\":\"https:\\\/\\\/perfixindustry.com\\\/mentions-legales\\\/#breadcrumb\",\"itemListElement\":[{\"@type\":\"ListItem\",\"position\":1,\"name\":\"Accueil\",\"item\":\"https:\\\/\\\/perfixindustry.com\\\/\"},{\"@type\":\"ListItem\",\"position\":2,\"name\":\"Mentions l\u00e9gales\"}]},{\"@type\":\"WebSite\",\"@id\":\"https:\\\/\\\/perfixindustry.com\\\/#website\",\"url\":\"https:\\\/\\\/perfixindustry.com\\\/\",\"name\":\"Perfix\",\"description\":\"\",\"potentialAction\":[{\"@type\":\"SearchAction\",\"target\":{\"@type\":\"EntryPoint\",\"urlTemplate\":\"https:\\\/\\\/perfixindustry.com\\\/?s={search_term_string}\"},\"query-input\":{\"@type\":\"PropertyValueSpecification\",\"valueRequired\":true,\"valueName\":\"search_term_string\"}}],\"inLanguage\":\"en-GB\"}]}<\/script>\n<!-- \/ Yoast SEO plugin. -->","yoast_head_json":{"title":"Legal Notice - Perfix","robots":{"index":"index","follow":"follow","max-snippet":"max-snippet:-1","max-image-preview":"max-image-preview:large","max-video-preview":"max-video-preview:-1"},"canonical":"https:\/\/perfixindustry.com\/en\/mentions-legales\/","og_locale":"en_GB","og_type":"article","og_title":"Mentions l\u00e9gales - Perfix","og_description":"MENTIONS L\u00c9GALES INFORMATIONS G\u00c9N\u00c9RALES En se connectant au pr\u00e9sent site, l\u2019utilisateur accepte express\u00e9ment ses modalit\u00e9s d\u2019utilisation d\u00e9crites ci-apr\u00e8s. En vertu de l\u2019article 6 de la loi n\u00b0 2004-575 du 21 juin 2004 pour la confiance dans l\u2019\u00e9conomie num\u00e9rique, il est pr\u00e9cis\u00e9 aux utilisateurs du pr\u00e9sent site l\u2019identit\u00e9 des diff\u00e9rents intervenants dans le cadre de sa [&hellip;]","og_url":"https:\/\/perfixindustry.com\/en\/mentions-legales\/","og_site_name":"Perfix","article_modified_time":"2025-09-03T14:10:16+00:00","og_image":[{"width":761,"height":943,"url":"https:\/\/perfixindustry.com\/wp-content\/uploads\/2025\/06\/Groupe-280.png","type":"image\/png"}],"twitter_card":"summary_large_image","twitter_misc":{"Estimated reading time":"4 minutes"},"schema":{"@context":"https:\/\/schema.org","@graph":[{"@type":"WebPage","@id":"https:\/\/perfixindustry.com\/mentions-legales\/","url":"https:\/\/perfixindustry.com\/mentions-legales\/","name":"Legal Notice - Perfix","isPartOf":{"@id":"https:\/\/perfixindustry.com\/#website"},"primaryImageOfPage":{"@id":"https:\/\/perfixindustry.com\/mentions-legales\/#primaryimage"},"image":{"@id":"https:\/\/perfixindustry.com\/mentions-legales\/#primaryimage"},"thumbnailUrl":"https:\/\/perfixindustry.com\/wp-content\/uploads\/2025\/06\/Groupe-280.png","datePublished":"2025-07-08T15:06:22+00:00","dateModified":"2025-09-03T14:10:16+00:00","breadcrumb":{"@id":"https:\/\/perfixindustry.com\/mentions-legales\/#breadcrumb"},"inLanguage":"en-GB","potentialAction":[{"@type":"ReadAction","target":["https:\/\/perfixindustry.com\/mentions-legales\/"]}]},{"@type":"ImageObject","inLanguage":"en-GB","@id":"https:\/\/perfixindustry.com\/mentions-legales\/#primaryimage","url":"https:\/\/perfixindustry.com\/wp-content\/uploads\/2025\/06\/Groupe-280.png","contentUrl":"https:\/\/perfixindustry.com\/wp-content\/uploads\/2025\/06\/Groupe-280.png","width":761,"height":943,"caption":"Groupe 280"},{"@type":"BreadcrumbList","@id":"https:\/\/perfixindustry.com\/mentions-legales\/#breadcrumb","itemListElement":[{"@type":"ListItem","position":1,"name":"Accueil","item":"https:\/\/perfixindustry.com\/"},{"@type":"ListItem","position":2,"name":"Mentions l\u00e9gales"}]},{"@type":"WebSite","@id":"https:\/\/perfixindustry.com\/#website","url":"https:\/\/perfixindustry.com\/","name":"Perfix","description":"","potentialAction":[{"@type":"SearchAction","target":{"@type":"EntryPoint","urlTemplate":"https:\/\/perfixindustry.com\/?s={search_term_string}"},"query-input":{"@type":"PropertyValueSpecification","valueRequired":true,"valueName":"search_term_string"}}],"inLanguage":"en-GB"}]}},"_links":{"self":[{"href":"https:\/\/perfixindustry.com\/en\/wp-json\/wp\/v2\/pages\/4929","targetHints":{"allow":["GET"]}}],"collection":[{"href":"https:\/\/perfixindustry.com\/en\/wp-json\/wp\/v2\/pages"}],"about":[{"href":"https:\/\/perfixindustry.com\/en\/wp-json\/wp\/v2\/types\/page"}],"author":[{"embeddable":true,"href":"https:\/\/perfixindustry.com\/en\/wp-json\/wp\/v2\/users\/1"}],"replies":[{"embeddable":true,"href":"https:\/\/perfixindustry.com\/en\/wp-json\/wp\/v2\/comments?post=4929"}],"version-history":[{"count":28,"href":"https:\/\/perfixindustry.com\/en\/wp-json\/wp\/v2\/pages\/4929\/revisions"}],"predecessor-version":[{"id":5044,"href":"https:\/\/perfixindustry.com\/en\/wp-json\/wp\/v2\/pages\/4929\/revisions\/5044"}],"wp:featuredmedia":[{"embeddable":true,"href":"https:\/\/perfixindustry.com\/en\/wp-json\/wp\/v2\/media\/3034"}],"wp:attachment":[{"href":"https:\/\/perfixindustry.com\/en\/wp-json\/wp\/v2\/media?parent=4929"}],"curies":[{"name":"wp","href":"https:\/\/api.w.org\/{rel}","templated":true}]}}